{"id":449,"date":"2022-01-10T12:20:00","date_gmt":"2022-01-10T11:20:00","guid":{"rendered":"https:\/\/simipma.it\/chi-siamo\/"},"modified":"2022-02-04T12:40:36","modified_gmt":"2022-02-04T11:40:36","slug":"about-us","status":"publish","type":"page","link":"https:\/\/simipma.it\/en\/about-us\/","title":{"rendered":"About us"},"content":{"rendered":"<p>[et_pb_section fb_built=&#8221;1&#8243; _builder_version=&#8221;4.14.5&#8243; _module_preset=&#8221;default&#8221; background_color=&#8221;#44ac8e&#8221; background_enable_color=&#8221;off&#8221; use_background_color_gradient=&#8221;on&#8221; background_color_gradient_end=&#8221;#44ac8e&#8221; global_module=&#8221;98&#8243; global_colors_info=&#8221;{}&#8221;][et_pb_row _builder_version=&#8221;4.14.5&#8243; _module_preset=&#8221;default&#8221; global_colors_info=&#8221;{}&#8221;][et_pb_column type=&#8221;4_4&#8243; _builder_version=&#8221;4.14.5&#8243; _module_preset=&#8221;default&#8221; global_colors_info=&#8221;{}&#8221;][et_pb_post_title meta=&#8221;off&#8221; featured_image=&#8221;off&#8221; _builder_version=&#8221;4.14.5&#8243; _module_preset=&#8221;default&#8221; title_font=&#8221;|700||on|||||&#8221; title_text_align=&#8221;center&#8221; title_text_color=&#8221;#FFFFFF&#8221; title_font_size=&#8221;50px&#8221; title_font_size_tablet=&#8221;40px&#8221; title_font_size_phone=&#8221;30px&#8221; title_font_size_last_edited=&#8221;on|phone&#8221; global_colors_info=&#8221;{}&#8221;][\/et_pb_post_title][\/et_pb_column][\/et_pb_row][\/et_pb_section][et_pb_section fb_built=&#8221;1&#8243; _builder_version=&#8221;4.14.5&#8243; _module_preset=&#8221;default&#8221; global_colors_info=&#8221;{}&#8221;][et_pb_row _builder_version=&#8221;4.14.5&#8243; _module_preset=&#8221;default&#8221; global_colors_info=&#8221;{}&#8221;][et_pb_column type=&#8221;4_4&#8243; _builder_version=&#8221;4.14.5&#8243; _module_preset=&#8221;default&#8221; global_colors_info=&#8221;{}&#8221;][et_pb_text disabled_on=&#8221;on|on|on&#8221; _builder_version=&#8221;4.14.6&#8243; _module_preset=&#8221;default&#8221; disabled=&#8221;on&#8221; global_colors_info=&#8221;{}&#8221;]<\/p>\n<p><strong>SIMI PACKAGING MACHINES S.r.l.<\/strong> opera nella realizzazione di etichettatrici lineari o rotative, a colla a freddo o autoadesive, hot-melt, palettizzatori, depalettizzatori, incassettatrici, decassettatrici, formacartoni, monoblocchi di incartonamento, linee di imbottigliamento e confezionamento complete, attrezzature nuove su tutti imodelli e le marche di macchine etichettatrici.<\/p>\n<p>Grazie alla sua pluriennale esperienza nello sviluppo di macchine automatiche \u00e8 in grado di offrirvi prodotti di altissima qualit\u00e0 ed estrema affidabilit\u00e0.<\/p>\n<p>La Simi Packaging Machines srl offre i seguenti servizi:<\/p>\n<p>Assistenza su ogni tipo e marca di macchine<br \/>Progettazione di linee<br \/>Realizzazioni personalizzate<br \/>Si opera in tutto il mondo<\/p>\n<p>[\/et_pb_text][et_pb_text _builder_version=&#8221;4.14.7&#8243; _module_preset=&#8221;default&#8221; hover_enabled=&#8221;0&#8243; global_colors_info=&#8221;{}&#8221; sticky_enabled=&#8221;0&#8243;]<\/p>\n<p>SIMI PACKAGING MACHINES SRL is a company founded in 1997 by three partners (who have become 2 over the years) with experience in the bottling sector.<\/p>\n<p>In the initial phase of its business, the company focused on the design and production of packaging and labelling machines, and then moved on to the sole construction of labelling machines. Thanks to the twenty-year experience of the owners in the sector, SIMI PACKAGING MACHINES SRL has always managed to keep up with the times, building a solid commercial network both in Italy and abroad.<\/p>\n<p>[\/et_pb_text][et_pb_text _builder_version=&#8221;4.14.7&#8243; _module_preset=&#8221;default&#8221; hover_enabled=&#8221;0&#8243; global_colors_info=&#8221;{}&#8221; sticky_enabled=&#8221;0&#8243;]<\/p>\n<h2>OUR MISSION<\/h2>\n<p>We aim to look for cutting-edge solutions, in order to provide modern and easy-to-use machines. In addition, the use of high-quality raw materials allows us to deliver a long-lasting product to the customer.<\/p>\n<p>Availability and professionalism are our watchwords.[\/et_pb_text][et_pb_text _builder_version=&#8221;4.14.7&#8243; _module_preset=&#8221;default&#8221; hover_enabled=&#8221;0&#8243; global_colors_info=&#8221;{}&#8221; sticky_enabled=&#8221;0&#8243;]<\/p>\n<h2>THE MARKET<\/h2>\n<p>Over the years we have invested many resources in building a solid commercial network in Italy and especially abroad, with particular reference to the territories of Eastern Europe (Russia, Ukraine, Kazakhstan, etc.).[\/et_pb_text][\/et_pb_column][\/et_pb_row][\/et_pb_section]<\/p>\n","protected":false},"excerpt":{"rendered":"<p>SIMI PACKAGING MACHINES S.r.l. opera nella realizzazione di etichettatrici lineari o rotative, a colla a freddo o autoadesive, hot-melt, palettizzatori, depalettizzatori, incassettatrici, decassettatrici, formacartoni, monoblocchi di incartonamento, linee di imbottigliamento e confezionamento complete, attrezzature nuove su tutti imodelli e le marche di macchine etichettatrici. Grazie alla sua pluriennale esperienza nello sviluppo di macchine automatiche \u00e8 [&hellip;]<\/p>\n","protected":false},"author":1,"featured_media":0,"parent":0,"menu_order":0,"comment_status":"closed","ping_status":"closed","template":"","meta":{"_et_pb_use_builder":"on","_et_pb_old_content":"","_et_gb_content_width":"","ngg_post_thumbnail":0},"yoast_head":"<!-- This site is optimized with the Yoast SEO plugin v18.8 - https:\/\/yoast.com\/wordpress\/plugins\/seo\/ -->\n<title>About us | Simi Packaging Machines<\/title>\n<meta name=\"robots\" content=\"index, follow, max-snippet:-1, max-image-preview:large, max-video-preview:-1\" \/>\n<link rel=\"canonical\" href=\"https:\/\/simipma.it\/en\/about-us\/\" \/>\n<meta property=\"og:locale\" content=\"en_US\" \/>\n<meta property=\"og:type\" content=\"article\" \/>\n<meta property=\"og:title\" content=\"About us | Simi Packaging Machines\" \/>\n<meta property=\"og:description\" content=\"SIMI PACKAGING MACHINES S.r.l. opera nella realizzazione di etichettatrici lineari o rotative, a colla a freddo o autoadesive, hot-melt, palettizzatori, depalettizzatori, incassettatrici, decassettatrici, formacartoni, monoblocchi di incartonamento, linee di imbottigliamento e confezionamento complete, attrezzature nuove su tutti imodelli e le marche di macchine etichettatrici. Grazie alla sua pluriennale esperienza nello sviluppo di macchine automatiche \u00e8 [&hellip;]\" \/>\n<meta property=\"og:url\" content=\"https:\/\/simipma.it\/en\/about-us\/\" \/>\n<meta property=\"og:site_name\" content=\"Simi Packaging Machines\" \/>\n<meta property=\"article:modified_time\" content=\"2022-02-04T11:40:36+00:00\" \/>\n<meta name=\"twitter:card\" content=\"summary_large_image\" \/>\n<meta name=\"twitter:label1\" content=\"Est. reading time\" \/>\n\t<meta name=\"twitter:data1\" content=\"2 minutes\" \/>\n<script type=\"application\/ld+json\" class=\"yoast-schema-graph\">{\"@context\":\"https:\/\/schema.org\",\"@graph\":[{\"@type\":\"Organization\",\"@id\":\"https:\/\/simipma.it\/#organization\",\"name\":\"Simi Packaging Machines\",\"url\":\"https:\/\/simipma.it\/\",\"sameAs\":[],\"logo\":{\"@type\":\"ImageObject\",\"inLanguage\":\"en-US\",\"@id\":\"https:\/\/simipma.it\/#\/schema\/logo\/image\/\",\"url\":\"https:\/\/simipma.it\/wp-content\/uploads\/2022\/01\/logo-new.png\",\"contentUrl\":\"https:\/\/simipma.it\/wp-content\/uploads\/2022\/01\/logo-new.png\",\"width\":1000,\"height\":246,\"caption\":\"Simi Packaging Machines\"},\"image\":{\"@id\":\"https:\/\/simipma.it\/#\/schema\/logo\/image\/\"}},{\"@type\":\"WebSite\",\"@id\":\"https:\/\/simipma.it\/#website\",\"url\":\"https:\/\/simipma.it\/\",\"name\":\"Simi Packaging Machines\",\"description\":\"Etichettatrici, lineari o rotative, a colla, a freddo o autoadesive\",\"publisher\":{\"@id\":\"https:\/\/simipma.it\/#organization\"},\"potentialAction\":[{\"@type\":\"SearchAction\",\"target\":{\"@type\":\"EntryPoint\",\"urlTemplate\":\"https:\/\/simipma.it\/?s={search_term_string}\"},\"query-input\":\"required name=search_term_string\"}],\"inLanguage\":\"en-US\"},{\"@type\":\"WebPage\",\"@id\":\"https:\/\/simipma.it\/en\/about-us\/#webpage\",\"url\":\"https:\/\/simipma.it\/en\/about-us\/\",\"name\":\"About us | Simi Packaging Machines\",\"isPartOf\":{\"@id\":\"https:\/\/simipma.it\/#website\"},\"datePublished\":\"2022-01-10T11:20:00+00:00\",\"dateModified\":\"2022-02-04T11:40:36+00:00\",\"breadcrumb\":{\"@id\":\"https:\/\/simipma.it\/en\/about-us\/#breadcrumb\"},\"inLanguage\":\"en-US\",\"potentialAction\":[{\"@type\":\"ReadAction\",\"target\":[\"https:\/\/simipma.it\/en\/about-us\/\"]}]},{\"@type\":\"BreadcrumbList\",\"@id\":\"https:\/\/simipma.it\/en\/about-us\/#breadcrumb\",\"itemListElement\":[{\"@type\":\"ListItem\",\"position\":1,\"name\":\"Home\",\"item\":\"https:\/\/simipma.it\/\"},{\"@type\":\"ListItem\",\"position\":2,\"name\":\"About us\"}]}]}<\/script>\n<!-- \/ Yoast SEO plugin. -->","yoast_head_json":{"title":"About us | Simi Packaging Machines","robots":{"index":"index","follow":"follow","max-snippet":"max-snippet:-1","max-image-preview":"max-image-preview:large","max-video-preview":"max-video-preview:-1"},"canonical":"https:\/\/simipma.it\/en\/about-us\/","og_locale":"en_US","og_type":"article","og_title":"About us | Simi Packaging Machines","og_description":"SIMI PACKAGING MACHINES S.r.l. opera nella realizzazione di etichettatrici lineari o rotative, a colla a freddo o autoadesive, hot-melt, palettizzatori, depalettizzatori, incassettatrici, decassettatrici, formacartoni, monoblocchi di incartonamento, linee di imbottigliamento e confezionamento complete, attrezzature nuove su tutti imodelli e le marche di macchine etichettatrici. Grazie alla sua pluriennale esperienza nello sviluppo di macchine automatiche \u00e8 [&hellip;]","og_url":"https:\/\/simipma.it\/en\/about-us\/","og_site_name":"Simi Packaging Machines","article_modified_time":"2022-02-04T11:40:36+00:00","twitter_card":"summary_large_image","twitter_misc":{"Est. reading time":"2 minutes"},"schema":{"@context":"https:\/\/schema.org","@graph":[{"@type":"Organization","@id":"https:\/\/simipma.it\/#organization","name":"Simi Packaging Machines","url":"https:\/\/simipma.it\/","sameAs":[],"logo":{"@type":"ImageObject","inLanguage":"en-US","@id":"https:\/\/simipma.it\/#\/schema\/logo\/image\/","url":"https:\/\/simipma.it\/wp-content\/uploads\/2022\/01\/logo-new.png","contentUrl":"https:\/\/simipma.it\/wp-content\/uploads\/2022\/01\/logo-new.png","width":1000,"height":246,"caption":"Simi Packaging Machines"},"image":{"@id":"https:\/\/simipma.it\/#\/schema\/logo\/image\/"}},{"@type":"WebSite","@id":"https:\/\/simipma.it\/#website","url":"https:\/\/simipma.it\/","name":"Simi Packaging Machines","description":"Etichettatrici, lineari o rotative, a colla, a freddo o autoadesive","publisher":{"@id":"https:\/\/simipma.it\/#organization"},"potentialAction":[{"@type":"SearchAction","target":{"@type":"EntryPoint","urlTemplate":"https:\/\/simipma.it\/?s={search_term_string}"},"query-input":"required name=search_term_string"}],"inLanguage":"en-US"},{"@type":"WebPage","@id":"https:\/\/simipma.it\/en\/about-us\/#webpage","url":"https:\/\/simipma.it\/en\/about-us\/","name":"About us | Simi Packaging Machines","isPartOf":{"@id":"https:\/\/simipma.it\/#website"},"datePublished":"2022-01-10T11:20:00+00:00","dateModified":"2022-02-04T11:40:36+00:00","breadcrumb":{"@id":"https:\/\/simipma.it\/en\/about-us\/#breadcrumb"},"inLanguage":"en-US","potentialAction":[{"@type":"ReadAction","target":["https:\/\/simipma.it\/en\/about-us\/"]}]},{"@type":"BreadcrumbList","@id":"https:\/\/simipma.it\/en\/about-us\/#breadcrumb","itemListElement":[{"@type":"ListItem","position":1,"name":"Home","item":"https:\/\/simipma.it\/"},{"@type":"ListItem","position":2,"name":"About us"}]}]}},"_links":{"self":[{"href":"https:\/\/simipma.it\/en\/wp-json\/wp\/v2\/pages\/449"}],"collection":[{"href":"https:\/\/simipma.it\/en\/wp-json\/wp\/v2\/pages"}],"about":[{"href":"https:\/\/simipma.it\/en\/wp-json\/wp\/v2\/types\/page"}],"author":[{"embeddable":true,"href":"https:\/\/simipma.it\/en\/wp-json\/wp\/v2\/users\/1"}],"replies":[{"embeddable":true,"href":"https:\/\/simipma.it\/en\/wp-json\/wp\/v2\/comments?post=449"}],"version-history":[{"count":3,"href":"https:\/\/simipma.it\/en\/wp-json\/wp\/v2\/pages\/449\/revisions"}],"predecessor-version":[{"id":454,"href":"https:\/\/simipma.it\/en\/wp-json\/wp\/v2\/pages\/449\/revisions\/454"}],"wp:attachment":[{"href":"https:\/\/simipma.it\/en\/wp-json\/wp\/v2\/media?parent=449"}],"curies":[{"name":"wp","href":"https:\/\/api.w.org\/{rel}","templated":true}]}}